{"id":925,"date":"2025-02-20T12:36:14","date_gmt":"2025-02-20T12:36:14","guid":{"rendered":"https:\/\/compira.kinsta.cloud\/de\/?page_id=925"},"modified":"2026-02-03T11:36:53","modified_gmt":"2026-02-03T11:36:53","slug":"contact","status":"publish","type":"page","link":"https:\/\/compira.kinsta.cloud\/de\/contact\/","title":{"rendered":"Kontakt"},"content":{"rendered":"\n<p>M\u00f6chten Sie mit uns bei compira in Kontakt treten? Im Folgenden finden Sie einige M\u00f6glichkeiten.<\/p>\n\n\n\n<h2 class=\"wp-block-heading\" id=\"Hurkontaktarjager?\"><strong>Wie kann ich Sie kontaktieren?<\/strong><\/h2>\n\n\n\n<p>Sie erreichen uns am besten unter info @ compira.com<\/p>\n\n\n\n<h2 class=\"wp-block-heading\" id=\"Mediakontakter\"><strong>Kontakte zu den Medien<\/strong><\/h2>\n\n\n\n<p>Wenn Sie ein Journalist sind und eine Frage oder ein Anliegen haben, kontaktieren Sie uns bitte unter info @ compira.com<\/p>\n\n\n\n<h2 class=\"wp-block-heading\" id=\"Vanligafr\u00e5gor\"><strong>H\u00e4ufig gestellte Fragen<\/strong><\/h2>\n\n\n\n<p><strong>Ich m\u00f6chte Ihr Best-in-Test-Logo auf meiner Website verwenden, ist das m\u00f6glich?<\/strong><br>Nat\u00fcrlich, setzen Sie sich mit uns in Verbindung und wir werden es arrangieren.<\/p>\n\n\n\n<p><strong>Wenn ich ein Produkt von Ihnen testen lassen m\u00f6chte, wie kann ich das tun?<\/strong><br>Kontaktieren Sie uns unter products @ compira.com.<\/p>\n\n\n\n<p><strong>Ich schreibe und teste gerne Produkte, wie kann ich Experte bei compira werden?<\/strong><br>Sch\u00f6n, dass Sie sich daf\u00fcr interessieren. Kontaktieren Sie uns unter expert@ compira.com und wir k\u00fcmmern uns darum.<br><\/p>\n\n\n\n<h2 class=\"wp-block-heading\" id=\"Vilkast\u00e5rbakomcompira?\"><strong>Wer steckt hinter compira?<\/strong><\/h2>\n\n\n\n<p>Compira ist Eigentum von:<br>Compira AB<br>\u00c5rsta\u00e4ngsv\u00e4gen 21C<br>117 43 Stockholm<br>Sweden<\/p>\n\n\n\n<h2 class=\"wp-block-heading\" id=\"Rapporterafelochskickaossf\u00f6rslag\"><strong>Melden Sie Fehler und senden Sie uns Vorschl\u00e4ge<\/strong><\/h2>\n\n\n\n<p>Haben Sie einen Fehler gefunden oder haben Sie einen Vorschlag, wie wir compira zu einer noch besseren Website f\u00fcr Verbraucher machen k\u00f6nnen? Bitte kontaktieren Sie uns unter info @ compira.com<\/p>\n\n\n\n<h2 class=\"wp-block-heading\" id=\"V\u00e5ralogotyp\"><strong>Unser Logo<\/strong><\/h2>\n\n\n\n<p>Wenn Sie unser Logo in einem Artikel oder \u00e4hnlichem verwenden m\u00f6chten, k\u00f6nnen Sie unser Logo hier herunterladen:<br><\/p>\n\n\n\n<figure class=\"wp-block-image size-full\"><img loading=\"lazy\" decoding=\"async\" width=\"527\" height=\"110\" src=\"\/ch\/wp-content\/uploads\/sites\/8\/2024\/10\/compira-black.png\" alt=\"\" class=\"wp-image-112\" srcset=\"https:\/\/compira.kinsta.cloud\/de\/wp-content\/uploads\/sites\/5\/2024\/10\/compira-black.png 527w, https:\/\/compira.kinsta.cloud\/de\/wp-content\/uploads\/sites\/5\/2024\/10\/compira-black-300x63.png 300w\" sizes=\"auto, (max-width: 527px) 100vw, 527px\" \/><\/figure>\n\n\n\n<p>PNG<\/p>\n\n\n\n<div class=\"wp-block-columns is-layout-flex wp-container-core-columns-is-layout-1 wp-block-columns-is-layout-flex\">\n<div class=\"wp-block-column is-layout-flow wp-block-column-is-layout-flow\">\n<figure class=\"wp-block-image size-full\"><img loading=\"lazy\" decoding=\"async\" width=\"527\" height=\"110\" src=\"\/ch\/wp-content\/uploads\/sites\/8\/2024\/10\/compira-black-2.png\" alt=\"\" class=\"wp-image-114\" srcset=\"https:\/\/compira.kinsta.cloud\/de\/wp-content\/uploads\/sites\/5\/2024\/10\/compira-black-2.png 527w, https:\/\/compira.kinsta.cloud\/de\/wp-content\/uploads\/sites\/5\/2024\/10\/compira-black-2-300x63.png 300w\" sizes=\"auto, (max-width: 527px) 100vw, 527px\" \/><figcaption class=\"wp-element-caption\">Svart<\/figcaption><\/figure>\n<\/div>\n\n\n\n<div class=\"wp-block-column is-layout-flow wp-block-column-is-layout-flow\">\n<figure class=\"wp-block-image size-full\"><img loading=\"lazy\" decoding=\"async\" width=\"527\" height=\"110\" src=\"\/ch\/wp-content\/uploads\/sites\/8\/2024\/10\/compira-white.png\" alt=\"\" class=\"wp-image-115\" srcset=\"https:\/\/compira.kinsta.cloud\/de\/wp-content\/uploads\/sites\/5\/2024\/10\/compira-white.png 527w, https:\/\/compira.kinsta.cloud\/de\/wp-content\/uploads\/sites\/5\/2024\/10\/compira-white-300x63.png 300w\" sizes=\"auto, (max-width: 527px) 100vw, 527px\" \/><figcaption class=\"wp-element-caption\">Vit<\/figcaption><\/figure>\n<\/div>\n<\/div>\n\n\n\n<p>SVG<\/p>\n\n\n\n<div class=\"wp-block-columns is-layout-flex wp-container-core-columns-is-layout-2 wp-block-columns-is-layout-flex\">\n<div class=\"wp-block-column is-layout-flow wp-block-column-is-layout-flow\">\n<figure class=\"wp-block-image size-large\"><img decoding=\"async\" src=\"\/ch\/wp-content\/uploads\/sites\/8\/2024\/10\/compira-black-3.svg\" alt=\"\" class=\"wp-image-128\"\/><figcaption class=\"wp-element-caption\">Svart<\/figcaption><\/figure>\n<\/div>\n\n\n\n<div class=\"wp-block-column is-layout-flow wp-block-column-is-layout-flow\">\n<figure class=\"wp-block-image size-large\"><img decoding=\"async\" src=\"\/ch\/wp-content\/uploads\/sites\/8\/2024\/10\/compira-white-2.svg\" alt=\"\" class=\"wp-image-129\"\/><figcaption class=\"wp-element-caption\">Vit<\/figcaption><\/figure>\n<\/div>\n<\/div>\n\n\n\n<div class=\"wp-block-file\"><a id=\"wp-block-file--media-c872d653-70b0-4457-8ec6-732d25a31950\" href=\"\/ch\/wp-content\/uploads\/sites\/8\/2024\/10\/compira-white-3.svg\">Svart<\/a><\/div>\n\n\n\n<p><\/p>\n","protected":false},"excerpt":{"rendered":"<p>M\u00f6chten Sie mit uns bei compira in Kontakt treten? Im Folgenden finden Sie einige M\u00f6glichkeiten. Wie kann ich Sie kontaktieren? Sie erreichen uns am besten unter info @ compira.com Kontakte zu den Medien Wenn Sie ein Journalist sind und eine Frage oder ein Anliegen haben, kontaktieren Sie uns bitte unter info @ compira.com H\u00e4ufig gestellte [&hellip;]<\/p>\n","protected":false},"author":7,"featured_media":111,"parent":0,"menu_order":0,"comment_status":"closed","ping_status":"closed","template":"","meta":{"_acf_changed":false,"inline_featured_image":false,"footnotes":""},"categories":[],"tags":[],"class_list":["post-925","page","type-page","status-publish","has-post-thumbnail","hentry"],"acf":{"description":"","isstorepage":false},"yoast_head":"<!-- This site is optimized with the Yoast SEO Premium plugin v24.4 (Yoast SEO v24.8.1) - https:\/\/yoast.com\/wordpress\/plugins\/seo\/ -->\n<title>Kontakt - Compira<\/title>\n<meta name=\"robots\" content=\"index, follow, max-snippet:-1, max-image-preview:large, max-video-preview:-1\" \/>\n<link rel=\"canonical\" href=\"https:\/\/compira.kinsta.cloud\/de\/contact\/\" \/>\n<meta property=\"og:locale\" content=\"en_US\" \/>\n<meta property=\"og:type\" content=\"article\" \/>\n<meta property=\"og:title\" content=\"Kontakt\" \/>\n<meta property=\"og:description\" content=\"M\u00f6chten Sie mit uns bei compira in Kontakt treten? Im Folgenden finden Sie einige M\u00f6glichkeiten. Wie kann ich Sie kontaktieren? Sie erreichen uns am besten unter info @ compira.com Kontakte zu den Medien Wenn Sie ein Journalist sind und eine Frage oder ein Anliegen haben, kontaktieren Sie uns bitte unter info @ compira.com H\u00e4ufig gestellte [&hellip;]\" \/>\n<meta property=\"og:url\" content=\"https:\/\/compira.kinsta.cloud\/de\/contact\/\" \/>\n<meta property=\"og:site_name\" content=\"Compira\" \/>\n<meta property=\"article:modified_time\" content=\"2026-02-03T11:36:53+00:00\" \/>\n<meta property=\"og:image\" content=\"http:\/\/compira.kinsta.cloud\/de\/wp-content\/uploads\/sites\/5\/2024\/10\/kontakt.jpg\" \/>\n\t<meta property=\"og:image:width\" content=\"1160\" \/>\n\t<meta property=\"og:image:height\" content=\"690\" \/>\n\t<meta property=\"og:image:type\" content=\"image\/jpeg\" \/>\n<meta name=\"twitter:card\" content=\"summary_large_image\" \/>\n<meta name=\"twitter:label1\" content=\"Est. reading time\" \/>\n\t<meta name=\"twitter:data1\" content=\"3 minutes\" \/>\n<script type=\"application\/ld+json\" class=\"yoast-schema-graph\">{\"@context\":\"https:\/\/schema.org\",\"@graph\":[{\"@type\":\"WebPage\",\"@id\":\"https:\/\/compira.kinsta.cloud\/de\/contact\/\",\"url\":\"https:\/\/compira.kinsta.cloud\/de\/contact\/\",\"name\":\"Kontakt - Compira\",\"isPartOf\":{\"@id\":\"https:\/\/compira.kinsta.cloud\/de\/#website\"},\"primaryImageOfPage\":{\"@id\":\"https:\/\/compira.kinsta.cloud\/de\/contact\/#primaryimage\"},\"image\":{\"@id\":\"https:\/\/compira.kinsta.cloud\/de\/contact\/#primaryimage\"},\"thumbnailUrl\":\"https:\/\/compira.kinsta.cloud\/de\/wp-content\/uploads\/sites\/5\/2024\/10\/kontakt.jpg\",\"datePublished\":\"2025-02-20T12:36:14+00:00\",\"dateModified\":\"2026-02-03T11:36:53+00:00\",\"breadcrumb\":{\"@id\":\"https:\/\/compira.kinsta.cloud\/de\/contact\/#breadcrumb\"},\"inLanguage\":\"en-US\",\"potentialAction\":[{\"@type\":\"ReadAction\",\"target\":[\"https:\/\/compira.kinsta.cloud\/de\/contact\/\"]}]},{\"@type\":\"ImageObject\",\"inLanguage\":\"en-US\",\"@id\":\"https:\/\/compira.kinsta.cloud\/de\/contact\/#primaryimage\",\"url\":\"https:\/\/compira.kinsta.cloud\/de\/wp-content\/uploads\/sites\/5\/2024\/10\/kontakt.jpg\",\"contentUrl\":\"https:\/\/compira.kinsta.cloud\/de\/wp-content\/uploads\/sites\/5\/2024\/10\/kontakt.jpg\",\"width\":1160,\"height\":690,\"caption\":\"Contact\"},{\"@type\":\"BreadcrumbList\",\"@id\":\"https:\/\/compira.kinsta.cloud\/de\/contact\/#breadcrumb\",\"itemListElement\":[{\"@type\":\"ListItem\",\"position\":1,\"name\":\"Home\",\"item\":\"https:\/\/compira.kinsta.cloud\/de\/\"},{\"@type\":\"ListItem\",\"position\":2,\"name\":\"Kontakt\"}]},{\"@type\":\"WebSite\",\"@id\":\"https:\/\/compira.kinsta.cloud\/de\/#website\",\"url\":\"https:\/\/compira.kinsta.cloud\/de\/\",\"name\":\"Compira\",\"description\":\"\",\"potentialAction\":[{\"@type\":\"SearchAction\",\"target\":{\"@type\":\"EntryPoint\",\"urlTemplate\":\"https:\/\/compira.kinsta.cloud\/de\/?s={search_term_string}\"},\"query-input\":{\"@type\":\"PropertyValueSpecification\",\"valueRequired\":true,\"valueName\":\"search_term_string\"}}],\"inLanguage\":\"en-US\"}]}<\/script>\n<!-- \/ Yoast SEO Premium plugin. -->","yoast_head_json":{"title":"Kontakt - Compira","robots":{"index":"index","follow":"follow","max-snippet":"max-snippet:-1","max-image-preview":"max-image-preview:large","max-video-preview":"max-video-preview:-1"},"canonical":"https:\/\/compira.kinsta.cloud\/de\/contact\/","og_locale":"en_US","og_type":"article","og_title":"Kontakt","og_description":"M\u00f6chten Sie mit uns bei compira in Kontakt treten? Im Folgenden finden Sie einige M\u00f6glichkeiten. Wie kann ich Sie kontaktieren? Sie erreichen uns am besten unter info @ compira.com Kontakte zu den Medien Wenn Sie ein Journalist sind und eine Frage oder ein Anliegen haben, kontaktieren Sie uns bitte unter info @ compira.com H\u00e4ufig gestellte [&hellip;]","og_url":"https:\/\/compira.kinsta.cloud\/de\/contact\/","og_site_name":"Compira","article_modified_time":"2026-02-03T11:36:53+00:00","og_image":[{"width":1160,"height":690,"url":"http:\/\/compira.kinsta.cloud\/de\/wp-content\/uploads\/sites\/5\/2024\/10\/kontakt.jpg","type":"image\/jpeg"}],"twitter_card":"summary_large_image","twitter_misc":{"Est. reading time":"3 minutes"},"schema":{"@context":"https:\/\/schema.org","@graph":[{"@type":"WebPage","@id":"https:\/\/compira.kinsta.cloud\/de\/contact\/","url":"https:\/\/compira.kinsta.cloud\/de\/contact\/","name":"Kontakt - Compira","isPartOf":{"@id":"https:\/\/compira.kinsta.cloud\/de\/#website"},"primaryImageOfPage":{"@id":"https:\/\/compira.kinsta.cloud\/de\/contact\/#primaryimage"},"image":{"@id":"https:\/\/compira.kinsta.cloud\/de\/contact\/#primaryimage"},"thumbnailUrl":"https:\/\/compira.kinsta.cloud\/de\/wp-content\/uploads\/sites\/5\/2024\/10\/kontakt.jpg","datePublished":"2025-02-20T12:36:14+00:00","dateModified":"2026-02-03T11:36:53+00:00","breadcrumb":{"@id":"https:\/\/compira.kinsta.cloud\/de\/contact\/#breadcrumb"},"inLanguage":"en-US","potentialAction":[{"@type":"ReadAction","target":["https:\/\/compira.kinsta.cloud\/de\/contact\/"]}]},{"@type":"ImageObject","inLanguage":"en-US","@id":"https:\/\/compira.kinsta.cloud\/de\/contact\/#primaryimage","url":"https:\/\/compira.kinsta.cloud\/de\/wp-content\/uploads\/sites\/5\/2024\/10\/kontakt.jpg","contentUrl":"https:\/\/compira.kinsta.cloud\/de\/wp-content\/uploads\/sites\/5\/2024\/10\/kontakt.jpg","width":1160,"height":690,"caption":"Contact"},{"@type":"BreadcrumbList","@id":"https:\/\/compira.kinsta.cloud\/de\/contact\/#breadcrumb","itemListElement":[{"@type":"ListItem","position":1,"name":"Home","item":"https:\/\/compira.kinsta.cloud\/de\/"},{"@type":"ListItem","position":2,"name":"Kontakt"}]},{"@type":"WebSite","@id":"https:\/\/compira.kinsta.cloud\/de\/#website","url":"https:\/\/compira.kinsta.cloud\/de\/","name":"Compira","description":"","potentialAction":[{"@type":"SearchAction","target":{"@type":"EntryPoint","urlTemplate":"https:\/\/compira.kinsta.cloud\/de\/?s={search_term_string}"},"query-input":{"@type":"PropertyValueSpecification","valueRequired":true,"valueName":"search_term_string"}}],"inLanguage":"en-US"}]}},"_links":{"self":[{"href":"https:\/\/compira.kinsta.cloud\/de\/wp-json\/wp\/v2\/pages\/925","targetHints":{"allow":["GET"]}}],"collection":[{"href":"https:\/\/compira.kinsta.cloud\/de\/wp-json\/wp\/v2\/pages"}],"about":[{"href":"https:\/\/compira.kinsta.cloud\/de\/wp-json\/wp\/v2\/types\/page"}],"author":[{"embeddable":true,"href":"https:\/\/compira.kinsta.cloud\/de\/wp-json\/wp\/v2\/users\/7"}],"replies":[{"embeddable":true,"href":"https:\/\/compira.kinsta.cloud\/de\/wp-json\/wp\/v2\/comments?post=925"}],"version-history":[{"count":4,"href":"https:\/\/compira.kinsta.cloud\/de\/wp-json\/wp\/v2\/pages\/925\/revisions"}],"predecessor-version":[{"id":1519,"href":"https:\/\/compira.kinsta.cloud\/de\/wp-json\/wp\/v2\/pages\/925\/revisions\/1519"}],"wp:featuredmedia":[{"embeddable":true,"href":"https:\/\/compira.kinsta.cloud\/de\/wp-json\/wp\/v2\/media\/111"}],"wp:attachment":[{"href":"https:\/\/compira.kinsta.cloud\/de\/wp-json\/wp\/v2\/media?parent=925"}],"wp:term":[{"taxonomy":"category","embeddable":true,"href":"https:\/\/compira.kinsta.cloud\/de\/wp-json\/wp\/v2\/categories?post=925"},{"taxonomy":"post_tag","embeddable":true,"href":"https:\/\/compira.kinsta.cloud\/de\/wp-json\/wp\/v2\/tags?post=925"}],"curies":[{"name":"wp","href":"https:\/\/api.w.org\/{rel}","templated":true}]}}